{"id":548,"date":"2015-06-01T12:26:53","date_gmt":"2015-06-01T12:26:53","guid":{"rendered":"http:\/\/tommusrhodus.wpengine.com\/?page_id=548"},"modified":"2023-11-17T21:55:48","modified_gmt":"2023-11-17T21:55:48","slug":"contacto","status":"publish","type":"page","link":"https:\/\/mansioneborbon.com\/en\/contacto\/","title":{"rendered":"Contact"},"content":{"rendered":"<div class=\"light-wrapper\"><div class=\"container inner\">\n\t<div class=\"vc_row wpb_row vc_row-fluid\">\n\t\t<div class=\"wpb_column col-sm-12\"><div class=\"vc_column-inner vc_custom_1619152718633\"><div class=\"wpb_wrapper\"><h3 class=\"main-title text-center\"><span class=\"servicios-e-borbon\">Contact <\/span>Mansion E. Borbon<\/h3><\/div><\/div><\/div>\t<\/div>\n\n\n\t\n<\/div><\/div><div class=\"light-wrapper\">\n\t<div class=\"vc_row wpb_row vc_row-fluid\">\n\t\t<div class=\"wpb_column col-sm-12\"><div class=\"vc_column-inner\"><div class=\"wpb_wrapper\"><div class=\"wpb_gmaps_widget wpb_content_element\"><div class=\"wpb_wrapper\"><div class=\"wpb_map_wraper\"><iframe src=\"https:\/\/www.google.com\/maps\/embed?pb=!1m18!1m12!1m3!1d3722.0469375936236!2d-101.68931104946057!3d21.110694790283!2m3!1f0!2f0!3f0!3m2!1i1024!2i768!4f13.1!3m3!1m2!1s0x842bbf9ed5b47931%3A0x3a7fc25ec28626d0!2sBlvrd%20Venustiano%20Carranza%20103%2C%20San%20Miguel%2C%2037390%20Le%C3%B3n%2C%20Gto.!5e0!3m2!1ses!2smx!4v1619190599375!5m2!1ses!2smx\" width=\"600\" height=\"450\" style=\"border:0;\" allowfullscreen=\"\" loading=\"lazy\"><\/iframe><\/div><\/div><\/div><\/div><\/div><\/div>\t<\/div>\n\n\n\t\n<\/div><div class=\"dark-wrapper\"><div class=\"container inner\">\n\t<div class=\"vc_row wpb_row vc_row-fluid\">\n\t\t<div class=\"wpb_column col-sm-12\"><div class=\"vc_column-inner\"><div class=\"wpb_wrapper\"><div class=\"vc_row wpb_row vc_inner vc_row-fluid\"><div class=\"wpb_column col-sm-1\"><div class=\"vc_column-inner\"><div class=\"wpb_wrapper\"><\/div><\/div><\/div><div class=\"wpb_column col-sm-3\"><div class=\"vc_column-inner\"><div class=\"wpb_wrapper\"><div class=\"text-center text-boxes\"><div class=\"wow fadeInUp\" data-wow-duration=\"1s\" data-wow-delay=\"0s\">\n\t\t\t<div class=\"icon bm20\"> \n\t\t\t\t<img \n\t\t\t\t\tsrc=\"https:\/\/mansioneborbon.com\/wp-content\/uploads\/2021\/06\/localizacion.png\" \n\t\t\t\t\tdata-src=\"https:\/\/mansioneborbon.com\/wp-content\/uploads\/2021\/06\/localizacion.png\" \n\t\t\t\t\tdata-ret=\"https:\/\/mansioneborbon.com\/wp-content\/uploads\/2021\/06\/localizacion.png\" \n\t\t\t\t\tclass=\"retina\" \n\t\t\t\t\talt=\"alt\" \n\t\t\t\t\/>\n\t\t\t<\/div>\n\t\t<a href=\"https:\/\/www.google.com.mx\/maps\/place\/Blvrd+Venustiano+Carranza+103,+San+Miguel,+37390+Le%C3%B3n,+Gto.\/@21.1106898,-101.6893057,17z\/data=!3m1!4b1!4m5!3m4!1s0x842bbf9ed5b47931:0x3a7fc25ec28626d0!8m2!3d21.1106898!4d-101.687117\" target=\"_blank\" rel=\"noopener\">Blvd Venustiano Carranza #103, Col. San Miguel, C.P. 37390, Le\u00f3n Gto.<\/a><\/div><\/div><\/div><\/div><\/div><div class=\"wpb_column col-sm-3\"><div class=\"vc_column-inner\"><div class=\"wpb_wrapper\"><div class=\"text-center text-boxes\"><div class=\"wow fadeInUp\" data-wow-duration=\"1s\" data-wow-delay=\"0s\">\n\t\t\t<div class=\"icon bm20\"> \n\t\t\t\t<img \n\t\t\t\t\tsrc=\"https:\/\/mansioneborbon.com\/wp-content\/uploads\/2021\/06\/telefono.png\" \n\t\t\t\t\tdata-src=\"https:\/\/mansioneborbon.com\/wp-content\/uploads\/2021\/06\/telefono.png\" \n\t\t\t\t\tdata-ret=\"https:\/\/mansioneborbon.com\/wp-content\/uploads\/2021\/06\/telefono.png\" \n\t\t\t\t\tclass=\"retina\" \n\t\t\t\t\talt=\"alt\" \n\t\t\t\t\/>\n\t\t\t<\/div>\n<p style=\"text-align: left;\"><a href=\"tel:4775102690\" rel=\"noopener\">477-510-2690<\/a> (Hotel Reception)<br \/>\n<a href=\"tel:4777650314\" rel=\"noopener\">477-765-0314<\/a> (Marketing Quotes)<br \/>\n<a href=\"tel:4771763536\" rel=\"noopener\">477-176-3536<\/a> (Quotes)<\/p>\n<p><\/div><\/div><\/div><\/div><\/div><div class=\"wpb_column col-sm-3\"><div class=\"vc_column-inner\"><div class=\"wpb_wrapper\"><div class=\"text-center text-boxes\"><div class=\"wow fadeInUp\" data-wow-duration=\"1s\" data-wow-delay=\"0.6s\">\n\t\t\t<div class=\"icon bm20\"> \n\t\t\t\t<img \n\t\t\t\t\tsrc=\"https:\/\/mansioneborbon.com\/wp-content\/uploads\/2021\/06\/correo.png\" \n\t\t\t\t\tdata-src=\"https:\/\/mansioneborbon.com\/wp-content\/uploads\/2021\/06\/correo.png\" \n\t\t\t\t\tdata-ret=\"https:\/\/mansioneborbon.com\/wp-content\/uploads\/2021\/06\/correo.png\" \n\t\t\t\t\tclass=\"retina\" \n\t\t\t\t\talt=\"alt\" \n\t\t\t\t\/>\n\t\t\t<\/div>\n\t\t<a href=\"mailto:hotel@mansioneborbon.com\" target=\"_blank\" rel=\"noopener\">hotel@mansioneborbon.com<\/a><\/div><\/div><\/div><\/div><\/div><div class=\"wpb_column col-sm-1\"><div class=\"vc_column-inner\"><div class=\"wpb_wrapper\"><\/div><\/div><\/div><\/div><\/div><\/div><\/div><div class=\"wpb_column col-sm-12\"><div class=\"vc_column-inner\"><div class=\"wpb_wrapper\">\n<div class=\"wpcf7 no-js\" id=\"wpcf7-f2444-o1\" lang=\"es-MX\" dir=\"ltr\" data-wpcf7-id=\"2444\">\n<div class=\"screen-reader-response\"><p role=\"status\" aria-live=\"polite\" aria-atomic=\"true\"><\/p> <ul><\/ul><\/div>\n<form action=\"\/wp-json\/wp\/v2\/pages\/548\" method=\"post\" class=\"wpcf7-form init\" aria-label=\"Formulario de contacto\" novalidate=\"novalidate\" data-status=\"init\" data-trp-original-action=\"\/en\/wp-json\/wp\/v2\/pages\/548#wpcf7-f2444-o1\">\n<div style=\"display: none;\">\n<input type=\"hidden\" name=\"_wpcf7\" value=\"2444\" \/>\n<input type=\"hidden\" name=\"_wpcf7_version\" value=\"6.0.6\" \/>\n<input type=\"hidden\" name=\"_wpcf7_locale\" value=\"es_MX\" \/>\n<input type=\"hidden\" name=\"_wpcf7_unit_tag\" value=\"wpcf7-f2444-o1\" \/>\n<input type=\"hidden\" name=\"_wpcf7_container_post\" value=\"0\" \/>\n<input type=\"hidden\" name=\"_wpcf7_posted_data_hash\" value=\"\" \/>\n<\/div>\n<div class=\"container mt-5\">\n\t<div class=\"col-sm-6\">\n\t\t<p><label>Full name<\/label><span class=\"wpcf7-form-control-wrap\" data-name=\"your-name\"><input size=\"40\" maxlength=\"400\" class=\"wpcf7-form-control wpcf7-text wpcf7-validates-as-required\" aria-required=\"true\" aria-invalid=\"false\" value=\"\" type=\"text\" name=\"your-name\" \/><\/span><br \/>\n<label>Email<\/label><span class=\"wpcf7-form-control-wrap\" data-name=\"your-email\"><input size=\"40\" maxlength=\"400\" class=\"wpcf7-form-control wpcf7-email wpcf7-validates-as-required wpcf7-text wpcf7-validates-as-email\" aria-required=\"true\" aria-invalid=\"false\" value=\"\" type=\"email\" name=\"your-email\" \/><\/span><br \/>\n<label>Phone<\/label><span class=\"wpcf7-form-control-wrap\" data-name=\"your-phone\"><input size=\"40\" maxlength=\"400\" class=\"wpcf7-form-control wpcf7-text wpcf7-validates-as-required\" aria-required=\"true\" aria-invalid=\"false\" value=\"\" type=\"text\" name=\"your-phone\" \/><\/span><br \/>\n<label>Subject<\/label><span class=\"wpcf7-form-control-wrap\" data-name=\"your-subject\"><input size=\"40\" maxlength=\"400\" class=\"wpcf7-form-control wpcf7-text wpcf7-validates-as-required\" aria-required=\"true\" aria-invalid=\"false\" value=\"\" type=\"text\" name=\"your-subject\" \/><\/span><br \/>\n<label>Select the type of event<\/label><span class=\"wpcf7-form-control-wrap\" data-name=\"evento\"><select class=\"wpcf7-form-control wpcf7-select wpcf7-validates-as-required\" aria-required=\"true\" aria-invalid=\"false\" name=\"evento\"><option value=\"Boda\">Wedding<\/option><option value=\"Graduaci\u00f3n\">Graduation and prom<\/option><option value=\"Bautizo\">Christening<\/option><option value=\"Empresarial\">Business<\/option><option value=\"XV A\u00f1os\">Sweet sixteen<\/option><option value=\"Boda Civil\">Civil wedding<\/option><option value=\"Meeting Pol\u00edtico\">Political Meeting<\/option><option value=\"Aniversarios\">Anniversary<\/option><option value=\"Congreso\">Congress<\/option><option value=\"Despedida de Soltera\">Bachelorette Party<\/option><\/select><\/span><br \/>\n<label> Select number of people<\/label><span class=\"wpcf7-form-control-wrap\" data-name=\"personas\"><select class=\"wpcf7-form-control wpcf7-select wpcf7-validates-as-required\" aria-required=\"true\" aria-invalid=\"false\" name=\"personas\"><option value=\"1 a 20 personas\">1 to 20<\/option><option value=\"20 a 50 personas\">20 to 50<\/option><option value=\"50 a 100 personas\">50 to 100<\/option><option value=\"100 a 200 personas\">100 to 200<\/option><option value=\"200 a 300 personas\">200 to 300<\/option><option value=\"300 a 400 personas\">300 to 400<\/option><option value=\"400 a 500 personas\">400 to 500<\/option><option value=\"500 a 600 personas\">500 to 600<\/option><option value=\"600 a 700 personas\">600 to 700<\/option><option value=\"700 a 800 personas\">700 to 800<\/option><option value=\"800 a 900 personas\">800 to 900<\/option><option value=\"900 a 1,000 personas\">900 to 1,000<\/option><option value=\"M\u00e1s de 1,000 personas\">More than 1000<\/option><\/select><\/span>\n\t\t<\/p>\n\t<\/div>\n\t<div class=\"col-sm-6\">\n\t\t<p><label> Select time of your event<\/label><br \/>\n<span class=\"wpcf7-form-control-wrap\" data-name=\"fecha\"><input class=\"wpcf7-form-control wpcf7-date wpcf7-validates-as-required wpcf7-validates-as-date\" aria-required=\"true\" aria-invalid=\"false\" placeholder=\"Date of event\" value=\"\" type=\"date\" name=\"fecha\" \/><\/span><br \/>\n<label> Select time of your event<\/label><br \/>\n<span class=\"wpcf7-form-control-wrap\" data-name=\"hora\"><select class=\"wpcf7-form-control wpcf7-select wpcf7-validates-as-required\" aria-required=\"true\" aria-invalid=\"false\" name=\"hora\"><option value=\"12:00 AM\">12:00 AM<\/option><option value=\"12:30 AM\">12:30 AM<\/option><option value=\"1:00 AM\">1:00 AM<\/option><option value=\"1:30 AM\">1:30 AM<\/option><option value=\"2:00 AM\">2:00 AM<\/option><option value=\"2:30 AM\">2:30 AM<\/option><option value=\"3:00 AM\">3:00 AM<\/option><option value=\"3:30 AM\">3:30 AM<\/option><option value=\"4:00 AM\">4:00 AM<\/option><option value=\"4:30 AM\">4:30 AM<\/option><option value=\"5:00 AM\">5:00 AM<\/option><option value=\"5:30 AM\">5:30 AM<\/option><option value=\"6:00 AM\">6:00 AM<\/option><option value=\"6:30 AM\">6:30 AM<\/option><option value=\"7:00 AM\">7:00 AM<\/option><option value=\"7:30 AM\">7:30 AM<\/option><option value=\"8:00 AM\">8:00 AM<\/option><option value=\"8:30 AM\">8:30 AM<\/option><option value=\"9:00 AM\">9:00 AM<\/option><option value=\"9:30 AM\">9:30 AM<\/option><option value=\"10:00 AM\">10:00 AM<\/option><option value=\"10:30 AM\">10:30 AM<\/option><option value=\"11:00 AM\">11:00 AM<\/option><option value=\"11:30 AM\">11:30 AM<\/option><option value=\"12:00 PM\">12:00 PM<\/option><option value=\"12:30 PM\">12:30 PM<\/option><option value=\"1:00 PM\">1:00 PM<\/option><option value=\"1:30 PM\">1:30 PM<\/option><option value=\"2:00 PM\">2:00 PM<\/option><option value=\"2:30 PM\">2:30 PM<\/option><option value=\"3:00 PM\">3:00 PM<\/option><option value=\"3:30 PM\">3:30 PM<\/option><option value=\"4:00 PM\">4:00 PM<\/option><option value=\"4:30 PM\">4:30 PM<\/option><option value=\"5:00 PM\">5:00 PM<\/option><option value=\"5:30 PM\">5:30 PM<\/option><option value=\"6:00 PM\">6:00 PM<\/option><option value=\"6:30 PM\">6:30 PM<\/option><option value=\"7:00 PM\">7:00 PM<\/option><option value=\"7:30 PM\">7:30 PM<\/option><option value=\"8:00 PM\">8:00 PM<\/option><option value=\"8:30 PM\">8:30 PM<\/option><option value=\"9:00 PM\">9:00 PM<\/option><option value=\"9:30 PM\">9:30 PM<\/option><option value=\"10:00 PM\">10:00 PM<\/option><option value=\"10:30 PM\">10:30 PM<\/option><option value=\"11:00 PM\">11:00 PM<\/option><option value=\"11:30 PM\">11:30 PM<\/option><\/select><\/span><br \/>\n<label> Message <\/label><br \/>\n<span class=\"wpcf7-form-control-wrap\" data-name=\"your-message\"><textarea cols=\"40\" rows=\"10\" maxlength=\"2000\" class=\"wpcf7-form-control wpcf7-textarea wpcf7-validates-as-required\" aria-required=\"true\" aria-invalid=\"false\" name=\"your-message\"><\/textarea><\/span><br \/>\n<input class=\"wpcf7-form-control wpcf7-submit has-spinner\" type=\"submit\" value=\"Send\" \/>\n\t\t<\/p>\n\t<\/div>\n<\/div><div class=\"wpcf7-response-output\" aria-hidden=\"true\"><\/div>\n<input type=\"hidden\" name=\"trp-form-language\" value=\"en\"\/><\/form>\n<\/div>\n<\/div><\/div><\/div>\t<\/div>\n\n\n\t\n<\/div><\/div>","protected":false},"excerpt":{"rendered":"Contacto Mansi\u00f3n E. Borb\u00f3n Blvd Venustiano Carranza #103, Col. San Miguel, C.P. 37390, Le\u00f3n Gto. 477-510-2690 (Recepci\u00f3n Hotel) 477-765-0314 (Marketing Cotizaciones) 477-176-3536 (Cotizaciones) hotel@mansioneborbon.com Nombre...","protected":false},"author":2,"featured_media":0,"parent":0,"menu_order":0,"comment_status":"open","ping_status":"closed","template":"","meta":{"footnotes":""},"class_list":["post-548","page","type-page","status-publish","hentry"],"yoast_head":"<!-- This site is optimized with the Yoast SEO plugin v24.9 - https:\/\/yoast.com\/wordpress\/plugins\/seo\/ -->\n<title>Contacto - Mansi&oacute;n E. Borb&oacute;n<\/title>\n<meta name=\"robots\" content=\"index, follow, max-snippet:-1, max-image-preview:large, max-video-preview:-1\" \/>\n<link rel=\"canonical\" href=\"https:\/\/mansioneborbon.com\/en\/contacto\/\" \/>\n<meta property=\"og:locale\" content=\"en_US\" \/>\n<meta property=\"og:type\" content=\"article\" \/>\n<meta property=\"og:title\" content=\"Contacto - Mansi&oacute;n E. Borb&oacute;n\" \/>\n<meta property=\"og:url\" content=\"https:\/\/mansioneborbon.com\/en\/contacto\/\" \/>\n<meta property=\"og:site_name\" content=\"Mansi&oacute;n E. Borb&oacute;n\" \/>\n<meta property=\"article:publisher\" content=\"https:\/\/www.facebook.com\/MansionBorbon\" \/>\n<meta property=\"article:modified_time\" content=\"2023-11-17T21:55:48+00:00\" \/>\n<meta name=\"twitter:card\" content=\"summary_large_image\" \/>\n<meta name=\"twitter:label1\" content=\"Est. reading time\" \/>\n\t<meta name=\"twitter:data1\" content=\"1 minute\" \/>\n<script type=\"application\/ld+json\" class=\"yoast-schema-graph\">{\"@context\":\"https:\/\/schema.org\",\"@graph\":[{\"@type\":\"WebPage\",\"@id\":\"https:\/\/mansioneborbon.com\/contacto\/\",\"url\":\"https:\/\/mansioneborbon.com\/contacto\/\",\"name\":\"Contacto - Mansi&oacute;n E. Borb&oacute;n\",\"isPartOf\":{\"@id\":\"https:\/\/mansioneborbon.com\/#website\"},\"datePublished\":\"2015-06-01T12:26:53+00:00\",\"dateModified\":\"2023-11-17T21:55:48+00:00\",\"breadcrumb\":{\"@id\":\"https:\/\/mansioneborbon.com\/contacto\/#breadcrumb\"},\"inLanguage\":\"en-US\",\"potentialAction\":[{\"@type\":\"ReadAction\",\"target\":[\"https:\/\/mansioneborbon.com\/contacto\/\"]}]},{\"@type\":\"BreadcrumbList\",\"@id\":\"https:\/\/mansioneborbon.com\/contacto\/#breadcrumb\",\"itemListElement\":[{\"@type\":\"ListItem\",\"position\":1,\"name\":\"Inicio\",\"item\":\"https:\/\/mansioneborbon.com\/\"},{\"@type\":\"ListItem\",\"position\":2,\"name\":\"Contacto\"}]},{\"@type\":\"WebSite\",\"@id\":\"https:\/\/mansioneborbon.com\/#website\",\"url\":\"https:\/\/mansioneborbon.com\/\",\"name\":\"Mansi&oacute;n E. Borb&oacute;n\",\"description\":\"Hotel Boutique con sal&oacute;n de eventos m&uacute;ltiples con un estilo &uacute;nico franc&eacute;s en el Coraz&oacute;n de la ciudad de Le&oacute;n Gto.\",\"potentialAction\":[{\"@type\":\"SearchAction\",\"target\":{\"@type\":\"EntryPoint\",\"urlTemplate\":\"https:\/\/mansioneborbon.com\/?s={search_term_string}\"},\"query-input\":{\"@type\":\"PropertyValueSpecification\",\"valueRequired\":true,\"valueName\":\"search_term_string\"}}],\"inLanguage\":\"en-US\"}]}<\/script>\n<!-- \/ Yoast SEO plugin. -->","yoast_head_json":{"title":"Contacto - Mansi&oacute;n E. Borb&oacute;n","robots":{"index":"index","follow":"follow","max-snippet":"max-snippet:-1","max-image-preview":"max-image-preview:large","max-video-preview":"max-video-preview:-1"},"canonical":"https:\/\/mansioneborbon.com\/en\/contacto\/","og_locale":"en_US","og_type":"article","og_title":"Contacto - Mansi&oacute;n E. Borb&oacute;n","og_url":"https:\/\/mansioneborbon.com\/en\/contacto\/","og_site_name":"Mansi&oacute;n E. Borb&oacute;n","article_publisher":"https:\/\/www.facebook.com\/MansionBorbon","article_modified_time":"2023-11-17T21:55:48+00:00","twitter_card":"summary_large_image","twitter_misc":{"Est. reading time":"1 minute"},"schema":{"@context":"https:\/\/schema.org","@graph":[{"@type":"WebPage","@id":"https:\/\/mansioneborbon.com\/contacto\/","url":"https:\/\/mansioneborbon.com\/contacto\/","name":"Contacto - Mansi&oacute;n E. Borb&oacute;n","isPartOf":{"@id":"https:\/\/mansioneborbon.com\/#website"},"datePublished":"2015-06-01T12:26:53+00:00","dateModified":"2023-11-17T21:55:48+00:00","breadcrumb":{"@id":"https:\/\/mansioneborbon.com\/contacto\/#breadcrumb"},"inLanguage":"en-US","potentialAction":[{"@type":"ReadAction","target":["https:\/\/mansioneborbon.com\/contacto\/"]}]},{"@type":"BreadcrumbList","@id":"https:\/\/mansioneborbon.com\/contacto\/#breadcrumb","itemListElement":[{"@type":"ListItem","position":1,"name":"Inicio","item":"https:\/\/mansioneborbon.com\/"},{"@type":"ListItem","position":2,"name":"Contacto"}]},{"@type":"WebSite","@id":"https:\/\/mansioneborbon.com\/#website","url":"https:\/\/mansioneborbon.com\/","name":"Mansi&oacute;n E. Borb&oacute;n","description":"Hotel Boutique con sal&oacute;n de eventos m&uacute;ltiples con un estilo &uacute;nico franc&eacute;s en el Coraz&oacute;n de la ciudad de Le&oacute;n Gto.","potentialAction":[{"@type":"SearchAction","target":{"@type":"EntryPoint","urlTemplate":"https:\/\/mansioneborbon.com\/?s={search_term_string}"},"query-input":{"@type":"PropertyValueSpecification","valueRequired":true,"valueName":"search_term_string"}}],"inLanguage":"en-US"}]}},"_links":{"self":[{"href":"https:\/\/mansioneborbon.com\/en\/wp-json\/wp\/v2\/pages\/548","targetHints":{"allow":["GET"]}}],"collection":[{"href":"https:\/\/mansioneborbon.com\/en\/wp-json\/wp\/v2\/pages"}],"about":[{"href":"https:\/\/mansioneborbon.com\/en\/wp-json\/wp\/v2\/types\/page"}],"author":[{"embeddable":true,"href":"https:\/\/mansioneborbon.com\/en\/wp-json\/wp\/v2\/users\/2"}],"replies":[{"embeddable":true,"href":"https:\/\/mansioneborbon.com\/en\/wp-json\/wp\/v2\/comments?post=548"}],"version-history":[{"count":40,"href":"https:\/\/mansioneborbon.com\/en\/wp-json\/wp\/v2\/pages\/548\/revisions"}],"predecessor-version":[{"id":2765,"href":"https:\/\/mansioneborbon.com\/en\/wp-json\/wp\/v2\/pages\/548\/revisions\/2765"}],"wp:attachment":[{"href":"https:\/\/mansioneborbon.com\/en\/wp-json\/wp\/v2\/media?parent=548"}],"curies":[{"name":"wp","href":"https:\/\/api.w.org\/{rel}","templated":true}]}}