{"id":393,"date":"2015-05-29T18:04:28","date_gmt":"2015-05-29T18:04:28","guid":{"rendered":"http:\/\/tommusrhodus.wpengine.com\/?page_id=393"},"modified":"2021-07-28T18:52:27","modified_gmt":"2021-07-28T18:52:27","slug":"politicas","status":"publish","type":"page","link":"https:\/\/mansioneborbon.com\/en\/politicas\/","title":{"rendered":"Pol\u00edticas"},"content":{"rendered":"<div class=\"inverse-wrapper\"><div class=\"parallax\" style=\"background-image: url(https:\/\/mansioneborbon.com\/wp-content\/uploads\/2021\/06\/fotos-horizontal-cel-FACHADA-MANSION-1.jpg?id=2066);\"><div class=\"container inner\"><div class=\"thin\">\n\t<div class=\"vc_row wpb_row vc_row-fluid vc_custom_1622517783579\">\n\t\t<div class=\"card-title wpb_column col-sm-12\"><div class=\"vc_column-inner\"><div class=\"wpb_wrapper\"><h3 class=\"main-title text-center\"><strong>Reglamento<\/strong> Interno Hotel<\/h3><\/div><\/div><\/div>\t<\/div>\n\n\n\t\n<\/div><\/div><\/div><\/div><div class=\"light-wrapper\"><div class=\"container inner\">\n\t<div class=\"vc_row wpb_row vc_row-fluid\">\n\t\t<div class=\"wpb_column col-sm-12\"><div class=\"vc_column-inner\"><div class=\"wpb_wrapper\"><div class=\"vc_row wpb_row vc_inner vc_row-fluid\"><div class=\"wpb_column col-sm-12\"><div class=\"vc_column-inner\"><div class=\"wpb_wrapper\">\n\t<div class=\"wpb_raw_code wpb_content_element wpb_raw_html\" >\n\t\t<div class=\"wpb_wrapper\">\n\t\t\t  <div class=\"eventos-page\">\n        <div class=\"row\">\n            <div class=\"col-12\">\n                <h3 class=\"h3-eventos\">Pol\u00edticas internas<\/h3>\n                <p><span><i class=\"far fa-dot-circle\"><\/i><\/span>La entrada de las habitaciones se efectuar\u00e1 a partir de las 15:00 horas (check in) y termina el d\u00eda de salida (check out) hasta las 12:00 horas de medio d\u00eda.<\/p>\n                <p><span><i class=\"far fa-dot-circle\"><\/i><\/span>El pago de estar\u00edas ser\u00e1 efectuado en el check in.<\/p>\n                <p><span><i class=\"far fa-dot-circle\"><\/i><\/span>El late check-out (salida posterior al horario) podr\u00e1 ser solicitado por el cliente con antecedencia m\u00ednima de 01 (un) d\u00eda, se deja a criterio de la direcci\u00f3n del hotel su concesi\u00f3n. El horario l\u00edmite para el late check-out ser\u00e1 hasta las 18:00, est\u00e1 aplica el 50% del costo de la estad\u00eda. Despu\u00e9s de las 18:15 se aplicar\u00e1 carro de renta completa.<\/p>\n<p><span><i class=\"far fa-dot-circle\"><\/i><\/span>Objetos olvidados en las instalaciones del hotel se guardar\u00e1n por hasta 07 (siete) d\u00edas.<\/p>\n<p><span><i class=\"far fa-dot-circle\"><\/i><\/span>El hotel cuenta con cajas de seguridad en todas las habitaciones, para utilizarlas p\u00f3ngase en contacto con recepci\u00f3n.<\/p>\n<p><span><i class=\"far fa-dot-circle\"><\/i><\/span>Est\u00e1 prohibida la entrada y permanencia de animales en cualquiera de las dependencias del hotel.<\/p>\n<p><span><i class=\"far fa-dot-circle\"><\/i><\/span>Los elementos de departamentos tales como toallas, trazadas, loza y otros deben permanecer en las habitaciones.<\/p>\n<p><span><i class=\"far fa-dot-circle\"><\/i><\/span>En ning\u00fan caso el n\u00famero de personas alojadas en cada habitaci\u00f3n podr\u00e1 ser mayor a la capacidad asignada por la empresa.<\/p>\n            <\/div>\n        <\/div>\n    <\/div>\n\t\t<\/div>\n\t<\/div>\n<\/div><\/div><\/div><\/div><\/div><\/div><\/div>\t<\/div>\n\n\n\t\n<\/div><\/div>","protected":false},"excerpt":{"rendered":"Reglamento Interno Hotel Pol\u00edticas internas La entrada de las habitaciones se efectuar\u00e1 a partir de las 15:00 horas (check in) y termina el d\u00eda de...","protected":false},"author":2,"featured_media":0,"parent":0,"menu_order":0,"comment_status":"open","ping_status":"closed","template":"","meta":{"footnotes":""},"class_list":["post-393","page","type-page","status-publish","hentry"],"yoast_head":"<!-- This site is optimized with the Yoast SEO plugin v24.9 - https:\/\/yoast.com\/wordpress\/plugins\/seo\/ -->\n<title>Pol\u00edticas - Mansi&oacute;n E. Borb&oacute;n<\/title>\n<meta name=\"robots\" content=\"index, follow, max-snippet:-1, max-image-preview:large, max-video-preview:-1\" \/>\n<link rel=\"canonical\" href=\"https:\/\/mansioneborbon.com\/en\/politicas\/\" \/>\n<meta property=\"og:locale\" content=\"en_US\" \/>\n<meta property=\"og:type\" content=\"article\" \/>\n<meta property=\"og:title\" content=\"Pol\u00edticas - Mansi&oacute;n E. Borb&oacute;n\" \/>\n<meta property=\"og:url\" content=\"https:\/\/mansioneborbon.com\/en\/politicas\/\" \/>\n<meta property=\"og:site_name\" content=\"Mansi&oacute;n E. Borb&oacute;n\" \/>\n<meta property=\"article:publisher\" content=\"https:\/\/www.facebook.com\/MansionBorbon\" \/>\n<meta property=\"article:modified_time\" content=\"2021-07-28T18:52:27+00:00\" \/>\n<meta name=\"twitter:card\" content=\"summary_large_image\" \/>\n<meta name=\"twitter:label1\" content=\"Est. reading time\" \/>\n\t<meta name=\"twitter:data1\" content=\"1 minute\" \/>\n<script type=\"application\/ld+json\" class=\"yoast-schema-graph\">{\"@context\":\"https:\/\/schema.org\",\"@graph\":[{\"@type\":\"WebPage\",\"@id\":\"https:\/\/mansioneborbon.com\/politicas\/\",\"url\":\"https:\/\/mansioneborbon.com\/politicas\/\",\"name\":\"Pol\u00edticas - Mansi&oacute;n E. Borb&oacute;n\",\"isPartOf\":{\"@id\":\"https:\/\/mansioneborbon.com\/#website\"},\"datePublished\":\"2015-05-29T18:04:28+00:00\",\"dateModified\":\"2021-07-28T18:52:27+00:00\",\"breadcrumb\":{\"@id\":\"https:\/\/mansioneborbon.com\/politicas\/#breadcrumb\"},\"inLanguage\":\"en-US\",\"potentialAction\":[{\"@type\":\"ReadAction\",\"target\":[\"https:\/\/mansioneborbon.com\/politicas\/\"]}]},{\"@type\":\"BreadcrumbList\",\"@id\":\"https:\/\/mansioneborbon.com\/politicas\/#breadcrumb\",\"itemListElement\":[{\"@type\":\"ListItem\",\"position\":1,\"name\":\"Inicio\",\"item\":\"https:\/\/mansioneborbon.com\/\"},{\"@type\":\"ListItem\",\"position\":2,\"name\":\"Pol\u00edticas\"}]},{\"@type\":\"WebSite\",\"@id\":\"https:\/\/mansioneborbon.com\/#website\",\"url\":\"https:\/\/mansioneborbon.com\/\",\"name\":\"Mansi&oacute;n E. Borb&oacute;n\",\"description\":\"Hotel Boutique con sal&oacute;n de eventos m&uacute;ltiples con un estilo &uacute;nico franc&eacute;s en el Coraz&oacute;n de la ciudad de Le&oacute;n Gto.\",\"potentialAction\":[{\"@type\":\"SearchAction\",\"target\":{\"@type\":\"EntryPoint\",\"urlTemplate\":\"https:\/\/mansioneborbon.com\/?s={search_term_string}\"},\"query-input\":{\"@type\":\"PropertyValueSpecification\",\"valueRequired\":true,\"valueName\":\"search_term_string\"}}],\"inLanguage\":\"en-US\"}]}<\/script>\n<!-- \/ Yoast SEO plugin. -->","yoast_head_json":{"title":"Pol\u00edticas - Mansi&oacute;n E. Borb&oacute;n","robots":{"index":"index","follow":"follow","max-snippet":"max-snippet:-1","max-image-preview":"max-image-preview:large","max-video-preview":"max-video-preview:-1"},"canonical":"https:\/\/mansioneborbon.com\/en\/politicas\/","og_locale":"en_US","og_type":"article","og_title":"Pol\u00edticas - Mansi&oacute;n E. Borb&oacute;n","og_url":"https:\/\/mansioneborbon.com\/en\/politicas\/","og_site_name":"Mansi&oacute;n E. Borb&oacute;n","article_publisher":"https:\/\/www.facebook.com\/MansionBorbon","article_modified_time":"2021-07-28T18:52:27+00:00","twitter_card":"summary_large_image","twitter_misc":{"Est. reading time":"1 minute"},"schema":{"@context":"https:\/\/schema.org","@graph":[{"@type":"WebPage","@id":"https:\/\/mansioneborbon.com\/politicas\/","url":"https:\/\/mansioneborbon.com\/politicas\/","name":"Pol\u00edticas - Mansi&oacute;n E. Borb&oacute;n","isPartOf":{"@id":"https:\/\/mansioneborbon.com\/#website"},"datePublished":"2015-05-29T18:04:28+00:00","dateModified":"2021-07-28T18:52:27+00:00","breadcrumb":{"@id":"https:\/\/mansioneborbon.com\/politicas\/#breadcrumb"},"inLanguage":"en-US","potentialAction":[{"@type":"ReadAction","target":["https:\/\/mansioneborbon.com\/politicas\/"]}]},{"@type":"BreadcrumbList","@id":"https:\/\/mansioneborbon.com\/politicas\/#breadcrumb","itemListElement":[{"@type":"ListItem","position":1,"name":"Inicio","item":"https:\/\/mansioneborbon.com\/"},{"@type":"ListItem","position":2,"name":"Pol\u00edticas"}]},{"@type":"WebSite","@id":"https:\/\/mansioneborbon.com\/#website","url":"https:\/\/mansioneborbon.com\/","name":"Mansi&oacute;n E. Borb&oacute;n","description":"Hotel Boutique con sal&oacute;n de eventos m&uacute;ltiples con un estilo &uacute;nico franc&eacute;s en el Coraz&oacute;n de la ciudad de Le&oacute;n Gto.","potentialAction":[{"@type":"SearchAction","target":{"@type":"EntryPoint","urlTemplate":"https:\/\/mansioneborbon.com\/?s={search_term_string}"},"query-input":{"@type":"PropertyValueSpecification","valueRequired":true,"valueName":"search_term_string"}}],"inLanguage":"en-US"}]}},"_links":{"self":[{"href":"https:\/\/mansioneborbon.com\/en\/wp-json\/wp\/v2\/pages\/393","targetHints":{"allow":["GET"]}}],"collection":[{"href":"https:\/\/mansioneborbon.com\/en\/wp-json\/wp\/v2\/pages"}],"about":[{"href":"https:\/\/mansioneborbon.com\/en\/wp-json\/wp\/v2\/types\/page"}],"author":[{"embeddable":true,"href":"https:\/\/mansioneborbon.com\/en\/wp-json\/wp\/v2\/users\/2"}],"replies":[{"embeddable":true,"href":"https:\/\/mansioneborbon.com\/en\/wp-json\/wp\/v2\/comments?post=393"}],"version-history":[{"count":7,"href":"https:\/\/mansioneborbon.com\/en\/wp-json\/wp\/v2\/pages\/393\/revisions"}],"predecessor-version":[{"id":2502,"href":"https:\/\/mansioneborbon.com\/en\/wp-json\/wp\/v2\/pages\/393\/revisions\/2502"}],"wp:attachment":[{"href":"https:\/\/mansioneborbon.com\/en\/wp-json\/wp\/v2\/media?parent=393"}],"curies":[{"name":"wp","href":"https:\/\/api.w.org\/{rel}","templated":true}]}}